{"id":189,"date":"2024-05-09T20:31:55","date_gmt":"2024-05-09T20:31:55","guid":{"rendered":"https:\/\/crisishouse.org\/?page_id=189"},"modified":"2025-12-03T04:31:46","modified_gmt":"2025-12-03T04:31:46","slug":"donate","status":"publish","type":"page","link":"https:\/\/crisishouse.org\/es\/get-involved\/donate\/","title":{"rendered":"Donar"},"content":{"rendered":"<div data-elementor-type=\"wp-page\" data-elementor-id=\"189\" class=\"elementor elementor-189\" data-elementor-post-type=\"page\">\n\t\t\t\t<div class=\"elementor-element elementor-element-c2e01f6 e-flex e-con-boxed e-con e-parent\" data-id=\"c2e01f6\" data-element_type=\"container\" data-settings=\"{&quot;background_background&quot;:&quot;classic&quot;}\">\n\t\t\t\t\t<div class=\"e-con-inner\">\n\t\t<div class=\"elementor-element elementor-element-707d161 e-con-full e-flex e-con e-child\" data-id=\"707d161\" data-element_type=\"container\">\n\t\t<div class=\"elementor-element elementor-element-25be232 e-con-full e-flex e-con e-child\" data-id=\"25be232\" data-element_type=\"container\">\n\t\t\t\t<div class=\"elementor-element elementor-element-4a03863 elementor-widget elementor-widget-heading\" data-id=\"4a03863\" data-element_type=\"widget\" data-widget_type=\"heading.default\">\n\t\t\t\t<div class=\"elementor-widget-container\">\n\t\t\t\t\t<h1 class=\"elementor-heading-title elementor-size-default\">Donar<\/h1>\t\t\t\t<\/div>\n\t\t\t\t<\/div>\n\t\t\t\t<div class=\"elementor-element elementor-element-a3157f9 elementor-widget elementor-widget-text-editor\" data-id=\"a3157f9\" data-element_type=\"widget\" data-widget_type=\"text-editor.default\">\n\t\t\t\t<div class=\"elementor-widget-container\">\n\t\t\t\t\t\t\t\t\t<p>\u00danete al programa de donaciones mensuales Campeones de la Esperanza y marca la diferencia en la vida de alguien. Como Campe\u00f3n de la Esperanza, tu nombre aparecer\u00e1 en nuestra p\u00e1gina web y recibir\u00e1s una invitaci\u00f3n a nuestro exclusivo evento anual de agradecimiento a los donantes.<\/p>\t\t\t\t\t\t\t\t<\/div>\n\t\t\t\t<\/div>\n\t\t\t\t<\/div>\n\t\t\t\t<\/div>\n\t\t\t\t\t<\/div>\n\t\t\t\t<\/div>\n\t\t<div class=\"elementor-element elementor-element-b4069d6 e-flex e-con-boxed e-con e-parent\" data-id=\"b4069d6\" data-element_type=\"container\">\n\t\t\t\t\t<div class=\"e-con-inner\">\n\t\t<div class=\"elementor-element elementor-element-1efd500 e-con-full e-flex e-con e-child\" data-id=\"1efd500\" data-element_type=\"container\">\n\t\t<div class=\"elementor-element elementor-element-9b1d9c7 e-con-full elementor-hidden-tablet elementor-hidden-mobile e-flex e-con e-child\" data-id=\"9b1d9c7\" data-element_type=\"container\">\n\t\t\t\t<\/div>\n\t\t<div class=\"elementor-element elementor-element-74b4392 e-con-full e-flex e-con e-child\" data-id=\"74b4392\" data-element_type=\"container\">\n\t\t\t\t<div class=\"elementor-element elementor-element-3c90b28 elementor-align-center elementor-widget elementor-widget-button\" data-id=\"3c90b28\" data-element_type=\"widget\" data-widget_type=\"button.default\">\n\t\t\t\t<div class=\"elementor-widget-container\">\n\t\t\t\t\t\t\t\t\t<div class=\"elementor-button-wrapper\">\n\t\t\t\t\t<a class=\"elementor-button elementor-button-link elementor-size-sm\" href=\"https:\/\/secure.qgiv.com\/for\/crisishouse\/\" target=\"_blank\">\n\t\t\t\t\t\t<span class=\"elementor-button-content-wrapper\">\n\t\t\t\t\t\t\t\t\t<span class=\"elementor-button-text\">DONAR AHORA<\/span>\n\t\t\t\t\t<\/span>\n\t\t\t\t\t<\/a>\n\t\t\t\t<\/div>\n\t\t\t\t\t\t\t\t<\/div>\n\t\t\t\t<\/div>\n\t\t\t\t<\/div>\n\t\t<div class=\"elementor-element elementor-element-98d3ab3 e-con-full e-flex e-con e-child\" data-id=\"98d3ab3\" data-element_type=\"container\">\n\t\t\t\t<\/div>\n\t\t\t\t<\/div>\n\t\t\t\t\t<\/div>\n\t\t\t\t<\/div>\n\t\t<div class=\"elementor-element elementor-element-5c6346e e-flex e-con-boxed e-con e-parent\" data-id=\"5c6346e\" data-element_type=\"container\">\n\t\t\t\t\t<div class=\"e-con-inner\">\n\t\t\t\t<div class=\"elementor-element elementor-element-45d3353 elementor-widget elementor-widget-heading\" data-id=\"45d3353\" data-element_type=\"widget\" data-widget_type=\"heading.default\">\n\t\t\t\t<div class=\"elementor-widget-container\">\n\t\t\t\t\t<h1 class=\"elementor-heading-title elementor-size-default\">Lista de deseos de Crisis House en Amazon<\/h1>\t\t\t\t<\/div>\n\t\t\t\t<\/div>\n\t\t\t\t<div class=\"elementor-element elementor-element-47d8b8b elementor-widget elementor-widget-text-editor\" data-id=\"47d8b8b\" data-element_type=\"widget\" data-widget_type=\"text-editor.default\">\n\t\t\t\t<div class=\"elementor-widget-container\">\n\t\t\t\t\t\t\t\t\t<p>Para comprar en l\u00ednea art\u00edculos necesarios para nuestros programas, haga clic en la lista de deseos de Amazon para donar<\/p>\t\t\t\t\t\t\t\t<\/div>\n\t\t\t\t<\/div>\n\t\t<div class=\"elementor-element elementor-element-623c16c e-con-full e-flex e-con e-child\" data-id=\"623c16c\" data-element_type=\"container\">\n\t\t<div class=\"elementor-element elementor-element-333fc62 e-con-full e-flex e-con e-child\" data-id=\"333fc62\" data-element_type=\"container\">\n\t\t\t\t<div class=\"elementor-element elementor-element-6dddb87 elementor-widget elementor-widget-image\" data-id=\"6dddb87\" data-element_type=\"widget\" data-widget_type=\"image.default\">\n\t\t\t\t<div class=\"elementor-widget-container\">\n\t\t\t\t\t\t\t\t\t\t\t\t\t\t\t\t<a href=\"https:\/\/www.amazon.com\/hz\/wishlist\/ls\/Q4YPUTTX2R5N?ref_=wl_share\" target=\"_blank\">\n\t\t\t\t\t\t\t<img fetchpriority=\"high\" decoding=\"async\" width=\"462\" height=\"248\" src=\"https:\/\/crisishouse.org\/wp-content\/uploads\/2024\/05\/amazon_wishlist.png\" class=\"attachment-large size-large wp-image-245\" alt=\"\" srcset=\"https:\/\/crisishouse.org\/wp-content\/uploads\/2024\/05\/amazon_wishlist.png 462w, https:\/\/crisishouse.org\/wp-content\/uploads\/2024\/05\/amazon_wishlist-300x161.png 300w\" sizes=\"(max-width: 462px) 100vw, 462px\" \/>\t\t\t\t\t\t\t\t<\/a>\n\t\t\t\t\t\t\t\t\t\t\t\t\t\t\t<\/div>\n\t\t\t\t<\/div>\n\t\t\t\t<\/div>\n\t\t\t\t<\/div>\n\t\t\t\t\t<\/div>\n\t\t\t\t<\/div>\n\t\t<div class=\"elementor-element elementor-element-be91ee1 e-flex e-con-boxed e-con e-parent\" data-id=\"be91ee1\" data-element_type=\"container\" data-settings=\"{&quot;background_background&quot;:&quot;classic&quot;}\">\n\t\t\t\t\t<div class=\"e-con-inner\">\n\t\t<div class=\"elementor-element elementor-element-bee105b e-con-full e-flex e-con e-child\" data-id=\"bee105b\" data-element_type=\"container\" data-settings=\"{&quot;background_background&quot;:&quot;classic&quot;}\">\n\t\t\t\t<div class=\"elementor-element elementor-element-8bf5b31 elementor-widget elementor-widget-heading\" data-id=\"8bf5b31\" data-element_type=\"widget\" data-widget_type=\"heading.default\">\n\t\t\t\t<div class=\"elementor-widget-container\">\n\t\t\t\t\t<h2 class=\"elementor-heading-title elementor-size-default\">Contribuciones por correo<\/h2>\t\t\t\t<\/div>\n\t\t\t\t<\/div>\n\t\t\t\t<div class=\"elementor-element elementor-element-5eed4ad elementor-widget elementor-widget-text-editor\" data-id=\"5eed4ad\" data-element_type=\"widget\" data-widget_type=\"text-editor.default\">\n\t\t\t\t<div class=\"elementor-widget-container\">\n\t\t\t\t\t\t\t\t\t<p>Si desea enviar su donativo por correo, env\u00edelo a Crisis House, a la siguiente direcci\u00f3n<\/p>\t\t\t\t\t\t\t\t<\/div>\n\t\t\t\t<\/div>\n\t\t<div class=\"elementor-element elementor-element-8e3092b e-con-full e-flex e-con e-child\" data-id=\"8e3092b\" data-element_type=\"container\">\n\t\t<div class=\"elementor-element elementor-element-ec6cce7 e-con-full e-flex e-con e-child\" data-id=\"ec6cce7\" data-element_type=\"container\">\n\t\t\t\t<div class=\"elementor-element elementor-element-f746bd2 elementor-widget elementor-widget-image-box\" data-id=\"f746bd2\" data-element_type=\"widget\" data-widget_type=\"image-box.default\">\n\t\t\t\t<div class=\"elementor-widget-container\">\n\t\t\t\t\t<div class=\"elementor-image-box-wrapper\"><div class=\"elementor-image-box-content\"><p class=\"elementor-image-box-description\"><strong>Direcci\u00f3n:<\/strong><br>\nCalle Cuyamaca 9550<br>\nSuite 101<br>\nSantee, California 92071\n<\/p><\/div><\/div>\t\t\t\t<\/div>\n\t\t\t\t<\/div>\n\t\t\t\t<\/div>\n\t\t<div class=\"elementor-element elementor-element-91bbf91 e-con-full e-flex e-con e-child\" data-id=\"91bbf91\" data-element_type=\"container\">\n\t\t\t\t<div class=\"elementor-element elementor-element-726ac62 elementor-widget elementor-widget-text-editor\" data-id=\"726ac62\" data-element_type=\"widget\" data-widget_type=\"text-editor.default\">\n\t\t\t\t<div class=\"elementor-widget-container\">\n\t\t\t\t\t\t\t\t\t<p>Animamos a todos nuestros donantes a que vengan a Crisis House con sus donativos. A nuestro equipo le encantar\u00eda conocerle y mostrarle personalmente el impacto que su donaci\u00f3n tiene en nuestros clientes y, en \u00faltima instancia, en la comunidad.<\/p><p><strong>Gracias por su apoyo.<\/strong><\/p>\t\t\t\t\t\t\t\t<\/div>\n\t\t\t\t<\/div>\n\t\t\t\t<\/div>\n\t\t\t\t<\/div>\n\t\t\t\t<\/div>\n\t\t\t\t\t<\/div>\n\t\t\t\t<\/div>\n\t\t\t\t<\/div>","protected":false},"excerpt":{"rendered":"<p>Donate Join the Champions of Hope monthly giving program and make a life-altering difference in someone&#8217;s life. As a Champion of Hope, your name will be listed on our website, and you&#8217;ll receive an invitation to our exclusive annual donor appreciation event. DONATE NOW Crisis House&#8217;s Amazon Wishlist To purchase necessary items online for our [&hellip;]<\/p>","protected":false},"author":2,"featured_media":0,"parent":16,"menu_order":0,"comment_status":"closed","ping_status":"closed","template":"elementor_header_footer","meta":{"_acf_changed":false,"footnotes":""},"class_list":["post-189","page","type-page","status-publish","hentry"],"acf":[],"yoast_head":"<!-- This site is optimized with the Yoast SEO plugin v25.2 - https:\/\/yoast.com\/wordpress\/plugins\/seo\/ -->\n<title>Donate - Crisis House<\/title>\n<meta name=\"robots\" content=\"index, follow, max-snippet:-1, max-image-preview:large, max-video-preview:-1\" \/>\n<link rel=\"canonical\" href=\"https:\/\/crisishouse.org\/es\/get-involved\/donate\/\" \/>\n<meta property=\"og:locale\" content=\"es_MX\" \/>\n<meta property=\"og:type\" content=\"article\" \/>\n<meta property=\"og:title\" content=\"Donate - Crisis House\" \/>\n<meta property=\"og:description\" content=\"Donate Join the Champions of Hope monthly giving program and make a life-altering difference in someone&#8217;s life. As a Champion of Hope, your name will be listed on our website, and you&#8217;ll receive an invitation to our exclusive annual donor appreciation event. DONATE NOW Crisis House&#8217;s Amazon Wishlist To purchase necessary items online for our [&hellip;]\" \/>\n<meta property=\"og:url\" content=\"https:\/\/crisishouse.org\/es\/get-involved\/donate\/\" \/>\n<meta property=\"og:site_name\" content=\"Crisis House\" \/>\n<meta property=\"article:publisher\" content=\"https:\/\/www.facebook.com\/crisishouse.org\/\" \/>\n<meta property=\"article:modified_time\" content=\"2025-12-03T04:31:46+00:00\" \/>\n<meta property=\"og:image\" content=\"https:\/\/crisishouse.org\/wp-content\/uploads\/2024\/05\/amazon_wishlist.png\" \/>\n<meta name=\"twitter:card\" content=\"summary_large_image\" \/>\n<meta name=\"twitter:site\" content=\"@CrisisHouse\" \/>\n<meta name=\"twitter:label1\" content=\"Tiempo de lectura\" \/>\n\t<meta name=\"twitter:data1\" content=\"1 minuto\" \/>\n<script type=\"application\/ld+json\" class=\"yoast-schema-graph\">{\"@context\":\"https:\/\/schema.org\",\"@graph\":[{\"@type\":\"WebPage\",\"@id\":\"https:\/\/crisishouse.org\/get-involved\/donate\/\",\"url\":\"https:\/\/crisishouse.org\/get-involved\/donate\/\",\"name\":\"Donate - Crisis House\",\"isPartOf\":{\"@id\":\"https:\/\/crisishouse.org\/#website\"},\"primaryImageOfPage\":{\"@id\":\"https:\/\/crisishouse.org\/get-involved\/donate\/#primaryimage\"},\"image\":{\"@id\":\"https:\/\/crisishouse.org\/get-involved\/donate\/#primaryimage\"},\"thumbnailUrl\":\"https:\/\/crisishouse.org\/wp-content\/uploads\/2024\/05\/amazon_wishlist.png\",\"datePublished\":\"2024-05-09T20:31:55+00:00\",\"dateModified\":\"2025-12-03T04:31:46+00:00\",\"breadcrumb\":{\"@id\":\"https:\/\/crisishouse.org\/get-involved\/donate\/#breadcrumb\"},\"inLanguage\":\"es\",\"potentialAction\":[{\"@type\":\"ReadAction\",\"target\":[\"https:\/\/crisishouse.org\/get-involved\/donate\/\"]}]},{\"@type\":\"ImageObject\",\"inLanguage\":\"es\",\"@id\":\"https:\/\/crisishouse.org\/get-involved\/donate\/#primaryimage\",\"url\":\"https:\/\/crisishouse.org\/wp-content\/uploads\/2024\/05\/amazon_wishlist.png\",\"contentUrl\":\"https:\/\/crisishouse.org\/wp-content\/uploads\/2024\/05\/amazon_wishlist.png\"},{\"@type\":\"BreadcrumbList\",\"@id\":\"https:\/\/crisishouse.org\/get-involved\/donate\/#breadcrumb\",\"itemListElement\":[{\"@type\":\"ListItem\",\"position\":1,\"name\":\"Home\",\"item\":\"https:\/\/crisishouse.org\/\"},{\"@type\":\"ListItem\",\"position\":2,\"name\":\"Get Involved\",\"item\":\"https:\/\/crisishouse.org\/get-involved\/\"},{\"@type\":\"ListItem\",\"position\":3,\"name\":\"Donate\"}]},{\"@type\":\"WebSite\",\"@id\":\"https:\/\/crisishouse.org\/#website\",\"url\":\"https:\/\/crisishouse.org\/\",\"name\":\"Crisis House\",\"description\":\"Breaking the Cycle of Domestic Violence &amp; Homelessness\",\"publisher\":{\"@id\":\"https:\/\/crisishouse.org\/#organization\"},\"potentialAction\":[{\"@type\":\"SearchAction\",\"target\":{\"@type\":\"EntryPoint\",\"urlTemplate\":\"https:\/\/crisishouse.org\/?s={search_term_string}\"},\"query-input\":{\"@type\":\"PropertyValueSpecification\",\"valueRequired\":true,\"valueName\":\"search_term_string\"}}],\"inLanguage\":\"es\"},{\"@type\":\"Organization\",\"@id\":\"https:\/\/crisishouse.org\/#organization\",\"name\":\"Crisis House\",\"url\":\"https:\/\/crisishouse.org\/\",\"logo\":{\"@type\":\"ImageObject\",\"inLanguage\":\"es\",\"@id\":\"https:\/\/crisishouse.org\/#\/schema\/logo\/image\/\",\"url\":\"https:\/\/crisishouse.org\/wp-content\/uploads\/2024\/03\/logo-a.png\",\"contentUrl\":\"https:\/\/crisishouse.org\/wp-content\/uploads\/2024\/03\/logo-a.png\",\"width\":298,\"height\":288,\"caption\":\"Crisis House\"},\"image\":{\"@id\":\"https:\/\/crisishouse.org\/#\/schema\/logo\/image\/\"},\"sameAs\":[\"https:\/\/www.facebook.com\/crisishouse.org\/\",\"https:\/\/x.com\/CrisisHouse\",\"https:\/\/www.youtube.com\/@CrisisHouse\",\"https:\/\/www.linkedin.com\/company\/crisis-house\/\",\"https:\/\/www.instagram.com\/crisis_house\/\"]}]}<\/script>\n<!-- \/ Yoast SEO plugin. -->","yoast_head_json":{"title":"Donate - Crisis House","robots":{"index":"index","follow":"follow","max-snippet":"max-snippet:-1","max-image-preview":"max-image-preview:large","max-video-preview":"max-video-preview:-1"},"canonical":"https:\/\/crisishouse.org\/es\/get-involved\/donate\/","og_locale":"es_MX","og_type":"article","og_title":"Donate - Crisis House","og_description":"Donate Join the Champions of Hope monthly giving program and make a life-altering difference in someone&#8217;s life. As a Champion of Hope, your name will be listed on our website, and you&#8217;ll receive an invitation to our exclusive annual donor appreciation event. DONATE NOW Crisis House&#8217;s Amazon Wishlist To purchase necessary items online for our [&hellip;]","og_url":"https:\/\/crisishouse.org\/es\/get-involved\/donate\/","og_site_name":"Crisis House","article_publisher":"https:\/\/www.facebook.com\/crisishouse.org\/","article_modified_time":"2025-12-03T04:31:46+00:00","og_image":[{"url":"https:\/\/crisishouse.org\/wp-content\/uploads\/2024\/05\/amazon_wishlist.png","type":"","width":"","height":""}],"twitter_card":"summary_large_image","twitter_site":"@CrisisHouse","twitter_misc":{"Tiempo de lectura":"1 minuto"},"schema":{"@context":"https:\/\/schema.org","@graph":[{"@type":"WebPage","@id":"https:\/\/crisishouse.org\/get-involved\/donate\/","url":"https:\/\/crisishouse.org\/get-involved\/donate\/","name":"Donate - Crisis House","isPartOf":{"@id":"https:\/\/crisishouse.org\/#website"},"primaryImageOfPage":{"@id":"https:\/\/crisishouse.org\/get-involved\/donate\/#primaryimage"},"image":{"@id":"https:\/\/crisishouse.org\/get-involved\/donate\/#primaryimage"},"thumbnailUrl":"https:\/\/crisishouse.org\/wp-content\/uploads\/2024\/05\/amazon_wishlist.png","datePublished":"2024-05-09T20:31:55+00:00","dateModified":"2025-12-03T04:31:46+00:00","breadcrumb":{"@id":"https:\/\/crisishouse.org\/get-involved\/donate\/#breadcrumb"},"inLanguage":"es","potentialAction":[{"@type":"ReadAction","target":["https:\/\/crisishouse.org\/get-involved\/donate\/"]}]},{"@type":"ImageObject","inLanguage":"es","@id":"https:\/\/crisishouse.org\/get-involved\/donate\/#primaryimage","url":"https:\/\/crisishouse.org\/wp-content\/uploads\/2024\/05\/amazon_wishlist.png","contentUrl":"https:\/\/crisishouse.org\/wp-content\/uploads\/2024\/05\/amazon_wishlist.png"},{"@type":"BreadcrumbList","@id":"https:\/\/crisishouse.org\/get-involved\/donate\/#breadcrumb","itemListElement":[{"@type":"ListItem","position":1,"name":"Home","item":"https:\/\/crisishouse.org\/"},{"@type":"ListItem","position":2,"name":"Get Involved","item":"https:\/\/crisishouse.org\/get-involved\/"},{"@type":"ListItem","position":3,"name":"Donate"}]},{"@type":"WebSite","@id":"https:\/\/crisishouse.org\/#website","url":"https:\/\/crisishouse.org\/","name":"Crisis House","description":"Breaking the Cycle of Domestic Violence &amp; Homelessness","publisher":{"@id":"https:\/\/crisishouse.org\/#organization"},"potentialAction":[{"@type":"SearchAction","target":{"@type":"EntryPoint","urlTemplate":"https:\/\/crisishouse.org\/?s={search_term_string}"},"query-input":{"@type":"PropertyValueSpecification","valueRequired":true,"valueName":"search_term_string"}}],"inLanguage":"es"},{"@type":"Organization","@id":"https:\/\/crisishouse.org\/#organization","name":"Crisis House","url":"https:\/\/crisishouse.org\/","logo":{"@type":"ImageObject","inLanguage":"es","@id":"https:\/\/crisishouse.org\/#\/schema\/logo\/image\/","url":"https:\/\/crisishouse.org\/wp-content\/uploads\/2024\/03\/logo-a.png","contentUrl":"https:\/\/crisishouse.org\/wp-content\/uploads\/2024\/03\/logo-a.png","width":298,"height":288,"caption":"Crisis House"},"image":{"@id":"https:\/\/crisishouse.org\/#\/schema\/logo\/image\/"},"sameAs":["https:\/\/www.facebook.com\/crisishouse.org\/","https:\/\/x.com\/CrisisHouse","https:\/\/www.youtube.com\/@CrisisHouse","https:\/\/www.linkedin.com\/company\/crisis-house\/","https:\/\/www.instagram.com\/crisis_house\/"]}]}},"featured_image_src":null,"featured_image_src_square":null,"_links":{"self":[{"href":"https:\/\/crisishouse.org\/es\/wp-json\/wp\/v2\/pages\/189","targetHints":{"allow":["GET"]}}],"collection":[{"href":"https:\/\/crisishouse.org\/es\/wp-json\/wp\/v2\/pages"}],"about":[{"href":"https:\/\/crisishouse.org\/es\/wp-json\/wp\/v2\/types\/page"}],"author":[{"embeddable":true,"href":"https:\/\/crisishouse.org\/es\/wp-json\/wp\/v2\/users\/2"}],"replies":[{"embeddable":true,"href":"https:\/\/crisishouse.org\/es\/wp-json\/wp\/v2\/comments?post=189"}],"version-history":[{"count":0,"href":"https:\/\/crisishouse.org\/es\/wp-json\/wp\/v2\/pages\/189\/revisions"}],"up":[{"embeddable":true,"href":"https:\/\/crisishouse.org\/es\/wp-json\/wp\/v2\/pages\/16"}],"wp:attachment":[{"href":"https:\/\/crisishouse.org\/es\/wp-json\/wp\/v2\/media?parent=189"}],"curies":[{"name":"wp","href":"https:\/\/api.w.org\/{rel}","templated":true}]}}