{"id":16,"date":"2024-03-15T17:44:43","date_gmt":"2024-03-15T17:44:43","guid":{"rendered":"https:\/\/crisishouse.org\/?page_id=16"},"modified":"2024-07-24T18:11:58","modified_gmt":"2024-07-24T18:11:58","slug":"get-involved","status":"publish","type":"page","link":"https:\/\/crisishouse.org\/es\/get-involved\/","title":{"rendered":"Participa"},"content":{"rendered":"<div data-elementor-type=\"wp-page\" data-elementor-id=\"16\" class=\"elementor elementor-16\" data-elementor-post-type=\"page\">\n\t\t\t\t<div class=\"elementor-element elementor-element-923762c e-flex e-con-boxed e-con e-parent\" data-id=\"923762c\" data-element_type=\"container\" data-settings=\"{&quot;background_background&quot;:&quot;classic&quot;}\">\n\t\t\t\t\t<div class=\"e-con-inner\">\n\t\t<div class=\"elementor-element elementor-element-347ae19 e-con-full e-flex e-con e-child\" data-id=\"347ae19\" data-element_type=\"container\">\n\t\t<div class=\"elementor-element elementor-element-95ebb8b e-con-full e-flex e-con e-child\" data-id=\"95ebb8b\" data-element_type=\"container\">\n\t\t\t\t<div class=\"elementor-element elementor-element-cb727dc elementor-widget elementor-widget-heading\" data-id=\"cb727dc\" data-element_type=\"widget\" data-widget_type=\"heading.default\">\n\t\t\t\t<div class=\"elementor-widget-container\">\n\t\t\t\t\t<h1 class=\"elementor-heading-title elementor-size-default\">Participa<\/h1>\t\t\t\t<\/div>\n\t\t\t\t<\/div>\n\t\t\t\t<div class=\"elementor-element elementor-element-a1bda4c elementor-widget elementor-widget-text-editor\" data-id=\"a1bda4c\" data-element_type=\"widget\" data-widget_type=\"text-editor.default\">\n\t\t\t\t<div class=\"elementor-widget-container\">\n\t\t\t\t\t\t\t\t\t<p>Las manos amigas y la generosidad de nuestros donantes nos permiten seguir atendiendo a las supervivientes de la violencia dom\u00e9stica, a sus hijos y a las personas sin hogar.<\/p>\t\t\t\t\t\t\t\t<\/div>\n\t\t\t\t<\/div>\n\t\t\t\t<\/div>\n\t\t\t\t<\/div>\n\t\t\t\t\t<\/div>\n\t\t\t\t<\/div>\n\t\t<div class=\"elementor-element elementor-element-14495c6 e-flex e-con-boxed e-con e-parent\" data-id=\"14495c6\" data-element_type=\"container\">\n\t\t\t\t\t<div class=\"e-con-inner\">\n\t\t<div class=\"elementor-element elementor-element-5bfd773 e-con-full e-flex e-con e-child\" data-id=\"5bfd773\" data-element_type=\"container\">\n\t\t<div class=\"elementor-element elementor-element-9901975 e-con-full e-flex e-con e-child\" data-id=\"9901975\" data-element_type=\"container\" data-settings=\"{&quot;background_background&quot;:&quot;classic&quot;}\">\n\t\t\t\t<div class=\"elementor-element elementor-element-f41d89a elementor-widget elementor-widget-heading\" data-id=\"f41d89a\" data-element_type=\"widget\" data-widget_type=\"heading.default\">\n\t\t\t\t<div class=\"elementor-widget-container\">\n\t\t\t\t\t<h2 class=\"elementor-heading-title elementor-size-default\">Donar<\/h2>\t\t\t\t<\/div>\n\t\t\t\t<\/div>\n\t\t\t\t<div class=\"elementor-element elementor-element-6631a33 elementor-align-center elementor-widget elementor-widget-button\" data-id=\"6631a33\" data-element_type=\"widget\" data-widget_type=\"button.default\">\n\t\t\t\t<div class=\"elementor-widget-container\">\n\t\t\t\t\t\t\t\t\t<div class=\"elementor-button-wrapper\">\n\t\t\t\t\t<a class=\"elementor-button elementor-button-link elementor-size-sm\" href=\"\/es\/get-involved\/donate\/\">\n\t\t\t\t\t\t<span class=\"elementor-button-content-wrapper\">\n\t\t\t\t\t\t\t\t\t<span class=\"elementor-button-text\">SABER M\u00c1S<\/span>\n\t\t\t\t\t<\/span>\n\t\t\t\t\t<\/a>\n\t\t\t\t<\/div>\n\t\t\t\t\t\t\t\t<\/div>\n\t\t\t\t<\/div>\n\t\t\t\t<\/div>\n\t\t<div class=\"elementor-element elementor-element-db66497 e-con-full e-flex e-con e-child\" data-id=\"db66497\" data-element_type=\"container\" data-settings=\"{&quot;background_background&quot;:&quot;classic&quot;}\">\n\t\t\t\t<div class=\"elementor-element elementor-element-59f31ac elementor-widget elementor-widget-heading\" data-id=\"59f31ac\" data-element_type=\"widget\" data-widget_type=\"heading.default\">\n\t\t\t\t<div class=\"elementor-widget-container\">\n\t\t\t\t\t<h2 class=\"elementor-heading-title elementor-size-default\">Patrocinador<\/h2>\t\t\t\t<\/div>\n\t\t\t\t<\/div>\n\t\t\t\t<div class=\"elementor-element elementor-element-d33bfea elementor-align-center elementor-widget elementor-widget-button\" data-id=\"d33bfea\" data-element_type=\"widget\" data-widget_type=\"button.default\">\n\t\t\t\t<div class=\"elementor-widget-container\">\n\t\t\t\t\t\t\t\t\t<div class=\"elementor-button-wrapper\">\n\t\t\t\t\t<a class=\"elementor-button elementor-button-link elementor-size-sm\" href=\"\/es\/get-involved\/sponsorship\/\">\n\t\t\t\t\t\t<span class=\"elementor-button-content-wrapper\">\n\t\t\t\t\t\t\t\t\t<span class=\"elementor-button-text\">SABER M\u00c1S<\/span>\n\t\t\t\t\t<\/span>\n\t\t\t\t\t<\/a>\n\t\t\t\t<\/div>\n\t\t\t\t\t\t\t\t<\/div>\n\t\t\t\t<\/div>\n\t\t\t\t<\/div>\n\t\t<div class=\"elementor-element elementor-element-ce6c37d e-con-full e-flex e-con e-child\" data-id=\"ce6c37d\" data-element_type=\"container\" data-settings=\"{&quot;background_background&quot;:&quot;classic&quot;}\">\n\t\t\t\t<div class=\"elementor-element elementor-element-3491fa1 elementor-widget elementor-widget-heading\" data-id=\"3491fa1\" data-element_type=\"widget\" data-widget_type=\"heading.default\">\n\t\t\t\t<div class=\"elementor-widget-container\">\n\t\t\t\t\t<h2 class=\"elementor-heading-title elementor-size-default\">Donaciones planificadas<\/h2>\t\t\t\t<\/div>\n\t\t\t\t<\/div>\n\t\t\t\t<div class=\"elementor-element elementor-element-9ad3eac elementor-align-center elementor-widget elementor-widget-button\" data-id=\"9ad3eac\" data-element_type=\"widget\" data-widget_type=\"button.default\">\n\t\t\t\t<div class=\"elementor-widget-container\">\n\t\t\t\t\t\t\t\t\t<div class=\"elementor-button-wrapper\">\n\t\t\t\t\t<a class=\"elementor-button elementor-button-link elementor-size-sm\" href=\"\/es\/get-involved\/planned-giving\/\">\n\t\t\t\t\t\t<span class=\"elementor-button-content-wrapper\">\n\t\t\t\t\t\t\t\t\t<span class=\"elementor-button-text\">SABER M\u00c1S<\/span>\n\t\t\t\t\t<\/span>\n\t\t\t\t\t<\/a>\n\t\t\t\t<\/div>\n\t\t\t\t\t\t\t\t<\/div>\n\t\t\t\t<\/div>\n\t\t\t\t<\/div>\n\t\t\t\t<\/div>\n\t\t\t\t\t<\/div>\n\t\t\t\t<\/div>\n\t\t<div class=\"elementor-element elementor-element-a481834 e-flex e-con-boxed e-con e-parent\" data-id=\"a481834\" data-element_type=\"container\">\n\t\t\t\t\t<div class=\"e-con-inner\">\n\t\t\t\t<div class=\"elementor-element elementor-element-e9a0316 elementor-widget elementor-widget-heading\" data-id=\"e9a0316\" data-element_type=\"widget\" data-widget_type=\"heading.default\">\n\t\t\t\t<div class=\"elementor-widget-container\">\n\t\t\t\t\t<h1 class=\"elementor-heading-title elementor-size-default\">Lista de deseos de Crisis House en Amazon<\/h1>\t\t\t\t<\/div>\n\t\t\t\t<\/div>\n\t\t\t\t<div class=\"elementor-element elementor-element-d782f7b elementor-widget elementor-widget-text-editor\" data-id=\"d782f7b\" data-element_type=\"widget\" data-widget_type=\"text-editor.default\">\n\t\t\t\t<div class=\"elementor-widget-container\">\n\t\t\t\t\t\t\t\t\t<p>Para comprar en l\u00ednea art\u00edculos necesarios para nuestros programas, haga clic en la lista de deseos de Amazon para donar<\/p>\t\t\t\t\t\t\t\t<\/div>\n\t\t\t\t<\/div>\n\t\t<div class=\"elementor-element elementor-element-d28ecb3 e-con-full e-flex e-con e-child\" data-id=\"d28ecb3\" data-element_type=\"container\">\n\t\t<div class=\"elementor-element elementor-element-6acdb7b e-con-full e-flex e-con e-child\" data-id=\"6acdb7b\" data-element_type=\"container\">\n\t\t\t\t<div class=\"elementor-element elementor-element-c4f5992 elementor-widget elementor-widget-image\" data-id=\"c4f5992\" data-element_type=\"widget\" data-widget_type=\"image.default\">\n\t\t\t\t<div class=\"elementor-widget-container\">\n\t\t\t\t\t\t\t\t\t\t\t\t\t\t\t\t<a href=\"https:\/\/www.amazon.com\/hz\/wishlist\/ls\/13FAXYGNFP635?ref_=wl_share\">\n\t\t\t\t\t\t\t<img fetchpriority=\"high\" decoding=\"async\" width=\"462\" height=\"248\" src=\"https:\/\/crisishouse.org\/wp-content\/uploads\/2024\/05\/amazon_wishlist.png\" class=\"attachment-large size-large wp-image-245\" alt=\"\" srcset=\"https:\/\/crisishouse.org\/wp-content\/uploads\/2024\/05\/amazon_wishlist.png 462w, https:\/\/crisishouse.org\/wp-content\/uploads\/2024\/05\/amazon_wishlist-300x161.png 300w\" sizes=\"(max-width: 462px) 100vw, 462px\" \/>\t\t\t\t\t\t\t\t<\/a>\n\t\t\t\t\t\t\t\t\t\t\t\t\t\t\t<\/div>\n\t\t\t\t<\/div>\n\t\t\t\t<\/div>\n\t\t\t\t<\/div>\n\t\t\t\t\t<\/div>\n\t\t\t\t<\/div>\n\t\t<div class=\"elementor-element elementor-element-d5489da e-flex e-con-boxed e-con e-parent\" data-id=\"d5489da\" data-element_type=\"container\" data-settings=\"{&quot;background_background&quot;:&quot;classic&quot;}\">\n\t\t\t\t\t<div class=\"e-con-inner\">\n\t\t<div class=\"elementor-element elementor-element-0c5ea3a e-con-full e-flex e-con e-child\" data-id=\"0c5ea3a\" data-element_type=\"container\" data-settings=\"{&quot;background_background&quot;:&quot;classic&quot;}\">\n\t\t\t\t<div class=\"elementor-element elementor-element-626bc77 elementor-widget elementor-widget-heading\" data-id=\"626bc77\" data-element_type=\"widget\" data-widget_type=\"heading.default\">\n\t\t\t\t<div class=\"elementor-widget-container\">\n\t\t\t\t\t<h2 class=\"elementor-heading-title elementor-size-default\">Contribuciones por correo<\/h2>\t\t\t\t<\/div>\n\t\t\t\t<\/div>\n\t\t\t\t<div class=\"elementor-element elementor-element-997ac9e elementor-widget elementor-widget-text-editor\" data-id=\"997ac9e\" data-element_type=\"widget\" data-widget_type=\"text-editor.default\">\n\t\t\t\t<div class=\"elementor-widget-container\">\n\t\t\t\t\t\t\t\t\t<p>Si desea enviar su donativo por correo, env\u00edelo a Crisis House, a la siguiente direcci\u00f3n<\/p>\t\t\t\t\t\t\t\t<\/div>\n\t\t\t\t<\/div>\n\t\t<div class=\"elementor-element elementor-element-ce45a86 e-con-full e-flex e-con e-child\" data-id=\"ce45a86\" data-element_type=\"container\">\n\t\t<div class=\"elementor-element elementor-element-71ec344 e-con-full e-flex e-con e-child\" data-id=\"71ec344\" data-element_type=\"container\">\n\t\t\t\t<div class=\"elementor-element elementor-element-62c81bb elementor-widget elementor-widget-image-box\" data-id=\"62c81bb\" data-element_type=\"widget\" data-widget_type=\"image-box.default\">\n\t\t\t\t<div class=\"elementor-widget-container\">\n\t\t\t\t\t<div class=\"elementor-image-box-wrapper\"><div class=\"elementor-image-box-content\"><p class=\"elementor-image-box-description\"><strong>Direcci\u00f3n:<\/strong><br>\nCalle Cuyamaca 9550<br>\nSuite 101, 102, 201, 202<br>\nSantee, California 92071\n<\/p><\/div><\/div>\t\t\t\t<\/div>\n\t\t\t\t<\/div>\n\t\t\t\t<\/div>\n\t\t<div class=\"elementor-element elementor-element-2be3ca9 e-con-full e-flex e-con e-child\" data-id=\"2be3ca9\" data-element_type=\"container\">\n\t\t\t\t<div class=\"elementor-element elementor-element-0c0a23f elementor-widget elementor-widget-text-editor\" data-id=\"0c0a23f\" data-element_type=\"widget\" data-widget_type=\"text-editor.default\">\n\t\t\t\t<div class=\"elementor-widget-container\">\n\t\t\t\t\t\t\t\t\t<p>Animamos a todos nuestros donantes a que vengan a Crisis House con sus donativos. A nuestro equipo le encantar\u00eda conocerle y mostrarle personalmente el impacto que su donaci\u00f3n tiene en nuestros clientes y, en \u00faltima instancia, en la comunidad.<\/p><p><strong>Gracias por su apoyo.<\/strong><\/p>\t\t\t\t\t\t\t\t<\/div>\n\t\t\t\t<\/div>\n\t\t\t\t<\/div>\n\t\t\t\t<\/div>\n\t\t\t\t<\/div>\n\t\t\t\t\t<\/div>\n\t\t\t\t<\/div>\n\t\t\t\t<\/div>","protected":false},"excerpt":{"rendered":"<p>Get Involved The helping hands and generosity of our donors enable us to continue to serve survivors of domestic violence, their children, and those experiencing homelessness. Donate LEARN MORE Sponsor LEARN MORE Planned Giving LEARN MORE Crisis House&#8217;s Amazon Wishlist To purchase necessary items online for our programs, please click the Amazon Wishlist to donate [&hellip;]<\/p>","protected":false},"author":1,"featured_media":0,"parent":0,"menu_order":0,"comment_status":"closed","ping_status":"closed","template":"elementor_header_footer","meta":{"_acf_changed":false,"footnotes":""},"class_list":["post-16","page","type-page","status-publish","hentry"],"acf":[],"yoast_head":"<!-- This site is optimized with the Yoast SEO plugin v25.2 - https:\/\/yoast.com\/wordpress\/plugins\/seo\/ -->\n<title>Get Involved - Crisis House<\/title>\n<meta name=\"robots\" content=\"index, follow, max-snippet:-1, max-image-preview:large, max-video-preview:-1\" \/>\n<link rel=\"canonical\" href=\"https:\/\/crisishouse.org\/es\/get-involved\/\" \/>\n<meta property=\"og:locale\" content=\"es_MX\" \/>\n<meta property=\"og:type\" content=\"article\" \/>\n<meta property=\"og:title\" content=\"Get Involved - Crisis House\" \/>\n<meta property=\"og:description\" content=\"Get Involved The helping hands and generosity of our donors enable us to continue to serve survivors of domestic violence, their children, and those experiencing homelessness. Donate LEARN MORE Sponsor LEARN MORE Planned Giving LEARN MORE Crisis House&#8217;s Amazon Wishlist To purchase necessary items online for our programs, please click the Amazon Wishlist to donate [&hellip;]\" \/>\n<meta property=\"og:url\" content=\"https:\/\/crisishouse.org\/es\/get-involved\/\" \/>\n<meta property=\"og:site_name\" content=\"Crisis House\" \/>\n<meta property=\"article:publisher\" content=\"https:\/\/www.facebook.com\/crisishouse.org\/\" \/>\n<meta property=\"article:modified_time\" content=\"2024-07-24T18:11:58+00:00\" \/>\n<meta property=\"og:image\" content=\"https:\/\/crisishouse.org\/wp-content\/uploads\/2024\/05\/amazon_wishlist.png\" \/>\n<meta name=\"twitter:card\" content=\"summary_large_image\" \/>\n<meta name=\"twitter:site\" content=\"@CrisisHouse\" \/>\n<meta name=\"twitter:label1\" content=\"Tiempo de lectura\" \/>\n\t<meta name=\"twitter:data1\" content=\"1 minuto\" \/>\n<script type=\"application\/ld+json\" class=\"yoast-schema-graph\">{\"@context\":\"https:\/\/schema.org\",\"@graph\":[{\"@type\":\"WebPage\",\"@id\":\"https:\/\/crisishouse.org\/get-involved\/\",\"url\":\"https:\/\/crisishouse.org\/get-involved\/\",\"name\":\"Get Involved - Crisis House\",\"isPartOf\":{\"@id\":\"https:\/\/crisishouse.org\/#website\"},\"primaryImageOfPage\":{\"@id\":\"https:\/\/crisishouse.org\/get-involved\/#primaryimage\"},\"image\":{\"@id\":\"https:\/\/crisishouse.org\/get-involved\/#primaryimage\"},\"thumbnailUrl\":\"https:\/\/crisishouse.org\/wp-content\/uploads\/2024\/05\/amazon_wishlist.png\",\"datePublished\":\"2024-03-15T17:44:43+00:00\",\"dateModified\":\"2024-07-24T18:11:58+00:00\",\"breadcrumb\":{\"@id\":\"https:\/\/crisishouse.org\/get-involved\/#breadcrumb\"},\"inLanguage\":\"es\",\"potentialAction\":[{\"@type\":\"ReadAction\",\"target\":[\"https:\/\/crisishouse.org\/get-involved\/\"]}]},{\"@type\":\"ImageObject\",\"inLanguage\":\"es\",\"@id\":\"https:\/\/crisishouse.org\/get-involved\/#primaryimage\",\"url\":\"https:\/\/crisishouse.org\/wp-content\/uploads\/2024\/05\/amazon_wishlist.png\",\"contentUrl\":\"https:\/\/crisishouse.org\/wp-content\/uploads\/2024\/05\/amazon_wishlist.png\"},{\"@type\":\"BreadcrumbList\",\"@id\":\"https:\/\/crisishouse.org\/get-involved\/#breadcrumb\",\"itemListElement\":[{\"@type\":\"ListItem\",\"position\":1,\"name\":\"Home\",\"item\":\"https:\/\/crisishouse.org\/\"},{\"@type\":\"ListItem\",\"position\":2,\"name\":\"Get Involved\"}]},{\"@type\":\"WebSite\",\"@id\":\"https:\/\/crisishouse.org\/#website\",\"url\":\"https:\/\/crisishouse.org\/\",\"name\":\"Crisis House\",\"description\":\"Breaking the Cycle of Domestic Violence &amp; Homelessness\",\"publisher\":{\"@id\":\"https:\/\/crisishouse.org\/#organization\"},\"potentialAction\":[{\"@type\":\"SearchAction\",\"target\":{\"@type\":\"EntryPoint\",\"urlTemplate\":\"https:\/\/crisishouse.org\/?s={search_term_string}\"},\"query-input\":{\"@type\":\"PropertyValueSpecification\",\"valueRequired\":true,\"valueName\":\"search_term_string\"}}],\"inLanguage\":\"es\"},{\"@type\":\"Organization\",\"@id\":\"https:\/\/crisishouse.org\/#organization\",\"name\":\"Crisis House\",\"url\":\"https:\/\/crisishouse.org\/\",\"logo\":{\"@type\":\"ImageObject\",\"inLanguage\":\"es\",\"@id\":\"https:\/\/crisishouse.org\/#\/schema\/logo\/image\/\",\"url\":\"https:\/\/crisishouse.org\/wp-content\/uploads\/2024\/03\/logo-a.png\",\"contentUrl\":\"https:\/\/crisishouse.org\/wp-content\/uploads\/2024\/03\/logo-a.png\",\"width\":298,\"height\":288,\"caption\":\"Crisis House\"},\"image\":{\"@id\":\"https:\/\/crisishouse.org\/#\/schema\/logo\/image\/\"},\"sameAs\":[\"https:\/\/www.facebook.com\/crisishouse.org\/\",\"https:\/\/x.com\/CrisisHouse\",\"https:\/\/www.youtube.com\/@CrisisHouse\",\"https:\/\/www.linkedin.com\/company\/crisis-house\/\",\"https:\/\/www.instagram.com\/crisis_house\/\"]}]}<\/script>\n<!-- \/ Yoast SEO plugin. -->","yoast_head_json":{"title":"Get Involved - Crisis House","robots":{"index":"index","follow":"follow","max-snippet":"max-snippet:-1","max-image-preview":"max-image-preview:large","max-video-preview":"max-video-preview:-1"},"canonical":"https:\/\/crisishouse.org\/es\/get-involved\/","og_locale":"es_MX","og_type":"article","og_title":"Get Involved - Crisis House","og_description":"Get Involved The helping hands and generosity of our donors enable us to continue to serve survivors of domestic violence, their children, and those experiencing homelessness. Donate LEARN MORE Sponsor LEARN MORE Planned Giving LEARN MORE Crisis House&#8217;s Amazon Wishlist To purchase necessary items online for our programs, please click the Amazon Wishlist to donate [&hellip;]","og_url":"https:\/\/crisishouse.org\/es\/get-involved\/","og_site_name":"Crisis House","article_publisher":"https:\/\/www.facebook.com\/crisishouse.org\/","article_modified_time":"2024-07-24T18:11:58+00:00","og_image":[{"url":"https:\/\/crisishouse.org\/wp-content\/uploads\/2024\/05\/amazon_wishlist.png","type":"","width":"","height":""}],"twitter_card":"summary_large_image","twitter_site":"@CrisisHouse","twitter_misc":{"Tiempo de lectura":"1 minuto"},"schema":{"@context":"https:\/\/schema.org","@graph":[{"@type":"WebPage","@id":"https:\/\/crisishouse.org\/get-involved\/","url":"https:\/\/crisishouse.org\/get-involved\/","name":"Get Involved - Crisis House","isPartOf":{"@id":"https:\/\/crisishouse.org\/#website"},"primaryImageOfPage":{"@id":"https:\/\/crisishouse.org\/get-involved\/#primaryimage"},"image":{"@id":"https:\/\/crisishouse.org\/get-involved\/#primaryimage"},"thumbnailUrl":"https:\/\/crisishouse.org\/wp-content\/uploads\/2024\/05\/amazon_wishlist.png","datePublished":"2024-03-15T17:44:43+00:00","dateModified":"2024-07-24T18:11:58+00:00","breadcrumb":{"@id":"https:\/\/crisishouse.org\/get-involved\/#breadcrumb"},"inLanguage":"es","potentialAction":[{"@type":"ReadAction","target":["https:\/\/crisishouse.org\/get-involved\/"]}]},{"@type":"ImageObject","inLanguage":"es","@id":"https:\/\/crisishouse.org\/get-involved\/#primaryimage","url":"https:\/\/crisishouse.org\/wp-content\/uploads\/2024\/05\/amazon_wishlist.png","contentUrl":"https:\/\/crisishouse.org\/wp-content\/uploads\/2024\/05\/amazon_wishlist.png"},{"@type":"BreadcrumbList","@id":"https:\/\/crisishouse.org\/get-involved\/#breadcrumb","itemListElement":[{"@type":"ListItem","position":1,"name":"Home","item":"https:\/\/crisishouse.org\/"},{"@type":"ListItem","position":2,"name":"Get Involved"}]},{"@type":"WebSite","@id":"https:\/\/crisishouse.org\/#website","url":"https:\/\/crisishouse.org\/","name":"Crisis House","description":"Breaking the Cycle of Domestic Violence &amp; Homelessness","publisher":{"@id":"https:\/\/crisishouse.org\/#organization"},"potentialAction":[{"@type":"SearchAction","target":{"@type":"EntryPoint","urlTemplate":"https:\/\/crisishouse.org\/?s={search_term_string}"},"query-input":{"@type":"PropertyValueSpecification","valueRequired":true,"valueName":"search_term_string"}}],"inLanguage":"es"},{"@type":"Organization","@id":"https:\/\/crisishouse.org\/#organization","name":"Crisis House","url":"https:\/\/crisishouse.org\/","logo":{"@type":"ImageObject","inLanguage":"es","@id":"https:\/\/crisishouse.org\/#\/schema\/logo\/image\/","url":"https:\/\/crisishouse.org\/wp-content\/uploads\/2024\/03\/logo-a.png","contentUrl":"https:\/\/crisishouse.org\/wp-content\/uploads\/2024\/03\/logo-a.png","width":298,"height":288,"caption":"Crisis House"},"image":{"@id":"https:\/\/crisishouse.org\/#\/schema\/logo\/image\/"},"sameAs":["https:\/\/www.facebook.com\/crisishouse.org\/","https:\/\/x.com\/CrisisHouse","https:\/\/www.youtube.com\/@CrisisHouse","https:\/\/www.linkedin.com\/company\/crisis-house\/","https:\/\/www.instagram.com\/crisis_house\/"]}]}},"featured_image_src":null,"featured_image_src_square":null,"_links":{"self":[{"href":"https:\/\/crisishouse.org\/es\/wp-json\/wp\/v2\/pages\/16","targetHints":{"allow":["GET"]}}],"collection":[{"href":"https:\/\/crisishouse.org\/es\/wp-json\/wp\/v2\/pages"}],"about":[{"href":"https:\/\/crisishouse.org\/es\/wp-json\/wp\/v2\/types\/page"}],"author":[{"embeddable":true,"href":"https:\/\/crisishouse.org\/es\/wp-json\/wp\/v2\/users\/1"}],"replies":[{"embeddable":true,"href":"https:\/\/crisishouse.org\/es\/wp-json\/wp\/v2\/comments?post=16"}],"version-history":[{"count":0,"href":"https:\/\/crisishouse.org\/es\/wp-json\/wp\/v2\/pages\/16\/revisions"}],"wp:attachment":[{"href":"https:\/\/crisishouse.org\/es\/wp-json\/wp\/v2\/media?parent=16"}],"curies":[{"name":"wp","href":"https:\/\/api.w.org\/{rel}","templated":true}]}}